{"id":1095,"date":"2021-02-17T17:45:37","date_gmt":"2021-02-17T16:45:37","guid":{"rendered":"http:\/\/nicola.giotto.srl\/?page_id=1095"},"modified":"2025-05-18T18:14:42","modified_gmt":"2025-05-18T16:14:42","slug":"personal-projects","status":"publish","type":"page","link":"https:\/\/www.nicolaughiphoto.it\/en\/personal-projects\/","title":{"rendered":"Personal projects"},"content":{"rendered":"<div data-elementor-type=\"wp-page\" data-elementor-id=\"1095\" class=\"elementor elementor-1095\" data-elementor-post-type=\"page\">\n\t\t\t\t\t\t<section class=\"elementor-section elementor-top-section elementor-element elementor-element-266f9fec elementor-section-boxed elementor-section-height-default elementor-section-height-default\" data-id=\"266f9fec\" data-element_type=\"section\" data-e-type=\"section\">\n\t\t\t\t\t\t<div class=\"elementor-container elementor-column-gap-default\">\n\t\t\t\t\t<div class=\"elementor-column elementor-col-33 elementor-top-column elementor-element elementor-element-6c405e6d\" data-id=\"6c405e6d\" data-element_type=\"column\" data-e-type=\"column\">\n\t\t\t<div class=\"elementor-widget-wrap elementor-element-populated\">\n\t\t\t\t\t\t<div class=\"elementor-element elementor-element-1664698 elementor-widget elementor-widget-spacer\" data-id=\"1664698\" data-element_type=\"widget\" data-e-type=\"widget\" data-widget_type=\"spacer.default\">\n\t\t\t\t<div class=\"elementor-widget-container\">\n\t\t\t\t\t\t\t<div class=\"elementor-spacer\">\n\t\t\t<div class=\"elementor-spacer-inner\"><\/div>\n\t\t<\/div>\n\t\t\t\t\t\t<\/div>\n\t\t\t\t<\/div>\n\t\t\t\t<div class=\"elementor-element elementor-element-7c3d978a elementor--h-position-center elementor--v-position-middle elementor-widget elementor-widget-slides\" data-id=\"7c3d978a\" data-element_type=\"widget\" data-e-type=\"widget\" data-settings=\"{&quot;navigation&quot;:&quot;none&quot;,&quot;autoplay&quot;:&quot;yes&quot;,&quot;autoplay_speed&quot;:5000,&quot;infinite&quot;:&quot;yes&quot;,&quot;transition&quot;:&quot;slide&quot;,&quot;transition_speed&quot;:500}\" data-widget_type=\"slides.default\">\n\t\t\t\t<div class=\"elementor-widget-container\">\n\t\t\t\t\t\t\t\t\t<div class=\"elementor-swiper\">\n\t\t\t\t\t<div class=\"elementor-slides-wrapper elementor-main-swiper swiper\" role=\"region\" aria-roledescription=\"carousel\" aria-label=\"Slides\" dir=\"ltr\" data-animation=\"fadeInUp\">\n\t\t\t\t<div class=\"swiper-wrapper elementor-slides\">\n\t\t\t\t\t\t\t\t\t\t<div class=\"elementor-repeater-item-b32c1ce swiper-slide\" role=\"group\" aria-roledescription=\"slide\"><div class=\"swiper-slide-bg\" role=\"img\" aria-label=\"Selfoprtrait on #sediarossa\"><\/div><a class=\"swiper-slide-inner\" href=\"https:\/\/www.sediarossa.it\/\"><div class=\"swiper-slide-contents\"><div  class=\"elementor-button elementor-slide-button elementor-size-xs\">#SEDIAROSSA<\/div><\/div><\/a><\/div>\t\t\t\t<\/div>\n\t\t\t\t\t\t\t<\/div>\n\t\t\t\t<\/div>\n\t\t\t\t\t\t\t\t<\/div>\n\t\t\t\t<\/div>\n\t\t\t\t\t<\/div>\n\t\t<\/div>\n\t\t\t\t<div class=\"elementor-column elementor-col-33 elementor-top-column elementor-element elementor-element-49cf6929\" data-id=\"49cf6929\" data-element_type=\"column\" data-e-type=\"column\">\n\t\t\t<div class=\"elementor-widget-wrap elementor-element-populated\">\n\t\t\t\t\t\t<div class=\"elementor-element elementor-element-3d0b38e elementor-widget elementor-widget-spacer\" data-id=\"3d0b38e\" data-element_type=\"widget\" data-e-type=\"widget\" data-widget_type=\"spacer.default\">\n\t\t\t\t<div class=\"elementor-widget-container\">\n\t\t\t\t\t\t\t<div class=\"elementor-spacer\">\n\t\t\t<div class=\"elementor-spacer-inner\"><\/div>\n\t\t<\/div>\n\t\t\t\t\t\t<\/div>\n\t\t\t\t<\/div>\n\t\t\t\t<div class=\"elementor-element elementor-element-391d9d9e elementor--h-position-center elementor--v-position-middle elementor-widget elementor-widget-slides\" data-id=\"391d9d9e\" data-element_type=\"widget\" data-e-type=\"widget\" data-settings=\"{&quot;navigation&quot;:&quot;none&quot;,&quot;transition&quot;:&quot;fade&quot;,&quot;autoplay&quot;:&quot;yes&quot;,&quot;pause_on_hover&quot;:&quot;yes&quot;,&quot;autoplay_speed&quot;:5000,&quot;infinite&quot;:&quot;yes&quot;,&quot;transition_speed&quot;:500}\" data-widget_type=\"slides.default\">\n\t\t\t\t<div class=\"elementor-widget-container\">\n\t\t\t\t\t\t\t\t\t<div class=\"elementor-swiper\">\n\t\t\t\t\t<div class=\"elementor-slides-wrapper elementor-main-swiper swiper\" role=\"region\" aria-roledescription=\"carousel\" aria-label=\"Slides\" dir=\"ltr\" data-animation=\"fadeInUp\">\n\t\t\t\t<div class=\"swiper-wrapper elementor-slides\">\n\t\t\t\t\t\t\t\t\t\t<div class=\"elementor-repeater-item-c40c8c3 swiper-slide\" role=\"group\" aria-roledescription=\"slide\"><div class=\"swiper-slide-bg\" role=\"img\" aria-label=\"Piero_Lissoni_2\"><\/div><a class=\"swiper-slide-inner\" href=\"https:\/\/www.sediarossa.it\/sedierosseremote\"><div class=\"swiper-slide-contents\"><div  class=\"elementor-button elementor-slide-button elementor-size-xs\">#SEDIEROSSE REMOTE<\/div><\/div><\/a><\/div>\t\t\t\t<\/div>\n\t\t\t\t\t\t\t<\/div>\n\t\t\t\t<\/div>\n\t\t\t\t\t\t\t\t<\/div>\n\t\t\t\t<\/div>\n\t\t\t\t\t<\/div>\n\t\t<\/div>\n\t\t\t\t<div class=\"elementor-column elementor-col-33 elementor-top-column elementor-element elementor-element-4c5f020d\" data-id=\"4c5f020d\" data-element_type=\"column\" data-e-type=\"column\">\n\t\t\t<div class=\"elementor-widget-wrap elementor-element-populated\">\n\t\t\t\t\t\t<div class=\"elementor-element elementor-element-46950d48 elementor-absolute elementor-widget__width-initial elementor--h-position-center elementor--v-position-middle elementor-widget elementor-widget-slides\" data-id=\"46950d48\" data-element_type=\"widget\" data-e-type=\"widget\" data-settings=\"{&quot;navigation&quot;:&quot;none&quot;,&quot;_position&quot;:&quot;absolute&quot;,&quot;autoplay&quot;:&quot;yes&quot;,&quot;autoplay_speed&quot;:5000,&quot;infinite&quot;:&quot;yes&quot;,&quot;transition&quot;:&quot;slide&quot;,&quot;transition_speed&quot;:500}\" data-widget_type=\"slides.default\">\n\t\t\t\t<div class=\"elementor-widget-container\">\n\t\t\t\t\t\t\t\t\t<div class=\"elementor-swiper\">\n\t\t\t\t\t<div class=\"elementor-slides-wrapper elementor-main-swiper swiper\" role=\"region\" aria-roledescription=\"carousel\" aria-label=\"Slides\" dir=\"ltr\" data-animation=\"fadeInUp\">\n\t\t\t\t<div class=\"swiper-wrapper elementor-slides\">\n\t\t\t\t\t\t\t\t\t\t<div class=\"elementor-repeater-item-0dcd1d7 swiper-slide\" role=\"group\" aria-roledescription=\"slide\"><div class=\"swiper-slide-bg\" role=\"img\" aria-label=\"Rete da beach volley posizionata sulla spiaggia con un molo di rocce sullo sfondo e acqua calma.\"><\/div><a class=\"swiper-slide-inner\" href=\"https:\/\/www.lalineadelmare.it\/\"><div class=\"swiper-slide-contents\"><div  class=\"elementor-button elementor-slide-button elementor-size-xs\">LA LINEA DEL MARE<\/div><\/div><\/a><\/div>\t\t\t\t<\/div>\n\t\t\t\t\t\t\t<\/div>\n\t\t\t\t<\/div>\n\t\t\t\t\t\t\t\t<\/div>\n\t\t\t\t<\/div>\n\t\t\t\t<div class=\"elementor-element elementor-element-3f84e5a elementor-widget elementor-widget-spacer\" data-id=\"3f84e5a\" data-element_type=\"widget\" data-e-type=\"widget\" data-widget_type=\"spacer.default\">\n\t\t\t\t<div class=\"elementor-widget-container\">\n\t\t\t\t\t\t\t<div class=\"elementor-spacer\">\n\t\t\t<div class=\"elementor-spacer-inner\"><\/div>\n\t\t<\/div>\n\t\t\t\t\t\t<\/div>\n\t\t\t\t<\/div>\n\t\t\t\t<div class=\"elementor-element elementor-element-40b925a elementor-widget elementor-widget-spacer\" data-id=\"40b925a\" data-element_type=\"widget\" data-e-type=\"widget\" data-widget_type=\"spacer.default\">\n\t\t\t\t<div class=\"elementor-widget-container\">\n\t\t\t\t\t\t\t<div class=\"elementor-spacer\">\n\t\t\t<div class=\"elementor-spacer-inner\"><\/div>\n\t\t<\/div>\n\t\t\t\t\t\t<\/div>\n\t\t\t\t<\/div>\n\t\t\t\t\t<\/div>\n\t\t<\/div>\n\t\t\t\t\t<\/div>\n\t\t<\/section>\n\t\t\t\t<section class=\"elementor-section elementor-top-section elementor-element elementor-element-1c3760c elementor-section-boxed elementor-section-height-default elementor-section-height-default\" data-id=\"1c3760c\" data-element_type=\"section\" data-e-type=\"section\">\n\t\t\t\t\t\t<div class=\"elementor-container elementor-column-gap-default\">\n\t\t\t\t\t<div class=\"elementor-column elementor-col-100 elementor-top-column elementor-element elementor-element-bd927fd\" data-id=\"bd927fd\" data-element_type=\"column\" data-e-type=\"column\">\n\t\t\t<div class=\"elementor-widget-wrap elementor-element-populated\">\n\t\t\t\t\t\t<div class=\"elementor-element elementor-element-98acb6d elementor-widget elementor-widget-text-editor\" data-id=\"98acb6d\" data-element_type=\"widget\" data-e-type=\"widget\" data-widget_type=\"text-editor.default\">\n\t\t\t\t<div class=\"elementor-widget-container\">\n\t\t\t\t\t\t\t\t\t<p class=\"p1\">Nel tempo ho dato vita a due progetti personali che rappresentano in modo profondo la mia visione autoriale e il mio modo di intendere la fotografia come strumento di narrazione e relazione:<\/p><p class=\"p2\"><b>La Sedia Rossa<\/b><span class=\"s1\"> e <\/span><b>La Linea del Mare<\/b><span class=\"s1\">.<\/span><\/p><p class=\"p1\">Entrambi hanno uno sviluppo indipendente, un linguaggio specifico e un sito dedicato attraverso cui approfondire contenuti, immagini e visioni.<\/p><p class=\"p2\"><a href=\"http:\/\/www.sediarossa.it\"><b>www.sediarossa.it<\/b><b><\/b><\/a><\/p><p class=\"p1\">Un progetto di ritratti iniziato nel 2015, divenuto negli anni simbolo di attenzione, ascolto e rappresentazione. Un\u2019icona rossa in cui si sono sedute personalit\u00e0 del mondo della cultura, dello sport, della scienza, e tante comunit\u00e0 locali. Oggi La Sedia Rossa \u00e8 anche strumento di comunicazione sociale e aziendale.<\/p><p class=\"p2\"><a href=\"http:\/\/www.lalineadelmare.it\"><b>www.lalineadelmare.it<\/b><b><\/b><\/a><\/p><p class=\"p1\">Un viaggio visivo lungo le coste, tra paesaggio e memoria. Immagini realizzate con esposizioni lente, sospese nel tempo, ispirate alla pittura post-macchiaiola. Un progetto fotografico artistico nato dal silenzio e dedicato al legame profondo tra uomo e mare.<\/p>\t\t\t\t\t\t\t\t<\/div>\n\t\t\t\t<\/div>\n\t\t\t\t\t<\/div>\n\t\t<\/div>\n\t\t\t\t\t<\/div>\n\t\t<\/section>\n\t\t\t\t<\/div>","protected":false},"excerpt":{"rendered":"<p>#SEDIAROSSA #SEDIEROSSE REMOTE LA LINEA DEL MARE Nel tempo ho dato vita a due progetti personali che rappresentano in modo profondo la mia visione autoriale e il mio modo di intendere la fotografia come strumento di narrazione e relazione: La Sedia Rossa e La Linea del Mare. Entrambi hanno uno sviluppo indipendente, un linguaggio specifico [&hellip;]<\/p>","protected":false},"author":1,"featured_media":0,"parent":0,"menu_order":0,"comment_status":"closed","ping_status":"closed","template":"","meta":{"footnotes":""},"class_list":["post-1095","page","type-page","status-publish","hentry"],"yoast_head":"<!-- This site is optimized with the Yoast SEO Premium plugin v26.2 (Yoast SEO v27.4) - https:\/\/yoast.com\/product\/yoast-seo-premium-wordpress\/ -->\n<title>Personal projects - Nicola Ughi Fotografo<\/title>\n<meta name=\"description\" content=\"Scopri i progetti personali di Nicola Ughi, tra fotografia e narrazione. Visita La Sedia Rossa e La Linea del Mare per approfondire.\" \/>\n<meta name=\"robots\" content=\"index, follow, max-snippet:-1, max-image-preview:large, max-video-preview:-1\" \/>\n<link rel=\"canonical\" href=\"https:\/\/www.nicolaughiphoto.it\/en\/personal-projects\/\" \/>\n<meta property=\"og:locale\" content=\"en_GB\" \/>\n<meta property=\"og:type\" content=\"article\" \/>\n<meta property=\"og:title\" content=\"Progetti Personali di Nicola Ughi - Fotografia\" \/>\n<meta property=\"og:description\" content=\"Scopri la visione autoriale di Nicola Ughi. Visita ora!\" \/>\n<meta property=\"og:url\" content=\"https:\/\/www.nicolaughiphoto.it\/en\/personal-projects\/\" \/>\n<meta property=\"og:site_name\" content=\"Nicola Ughi Fotografo\" \/>\n<meta property=\"article:publisher\" content=\"https:\/\/www.facebook.com\/nicola.ughi.fotografo\" \/>\n<meta property=\"article:modified_time\" content=\"2025-05-18T16:14:42+00:00\" \/>\n<meta name=\"twitter:card\" content=\"summary_large_image\" \/>\n<meta name=\"twitter:title\" content=\"Progetti Personali di Nicola Ughi - Fotografia\" \/>\n<meta name=\"twitter:description\" content=\"Scopri la visione autoriale di Nicola Ughi. Visita ora!\" \/>\n<meta name=\"twitter:label1\" content=\"Estimated reading time\" \/>\n\t<meta name=\"twitter:data1\" content=\"1 minute\" \/>\n<script type=\"application\/ld+json\" class=\"yoast-schema-graph\">{\"@context\":\"https:\\\/\\\/schema.org\",\"@graph\":[{\"@type\":\"WebPage\",\"@id\":\"https:\\\/\\\/www.nicolaughiphoto.it\\\/personal-projects\\\/\",\"url\":\"https:\\\/\\\/www.nicolaughiphoto.it\\\/personal-projects\\\/\",\"name\":\"Personal projects - Nicola Ughi Fotografo\",\"isPartOf\":{\"@id\":\"https:\\\/\\\/www.nicolaughiphoto.it\\\/#website\"},\"datePublished\":\"2021-02-17T16:45:37+00:00\",\"dateModified\":\"2025-05-18T16:14:42+00:00\",\"description\":\"Scopri i progetti personali di Nicola Ughi, tra fotografia e narrazione. Visita La Sedia Rossa e La Linea del Mare per approfondire.\",\"breadcrumb\":{\"@id\":\"https:\\\/\\\/www.nicolaughiphoto.it\\\/personal-projects\\\/#breadcrumb\"},\"inLanguage\":\"en-GB\",\"potentialAction\":[{\"@type\":\"ReadAction\",\"target\":[\"https:\\\/\\\/www.nicolaughiphoto.it\\\/personal-projects\\\/\"]}]},{\"@type\":\"BreadcrumbList\",\"@id\":\"https:\\\/\\\/www.nicolaughiphoto.it\\\/personal-projects\\\/#breadcrumb\",\"itemListElement\":[{\"@type\":\"ListItem\",\"position\":1,\"name\":\"Home\",\"item\":\"https:\\\/\\\/www.nicolaughiphoto.it\\\/\"},{\"@type\":\"ListItem\",\"position\":2,\"name\":\"Personal projects\"}]},{\"@type\":\"WebSite\",\"@id\":\"https:\\\/\\\/www.nicolaughiphoto.it\\\/#website\",\"url\":\"https:\\\/\\\/www.nicolaughiphoto.it\\\/\",\"name\":\"Nicola Ughi Fotografo\",\"description\":\"\",\"publisher\":{\"@id\":\"https:\\\/\\\/www.nicolaughiphoto.it\\\/#organization\"},\"potentialAction\":[{\"@type\":\"SearchAction\",\"target\":{\"@type\":\"EntryPoint\",\"urlTemplate\":\"https:\\\/\\\/www.nicolaughiphoto.it\\\/?s={search_term_string}\"},\"query-input\":{\"@type\":\"PropertyValueSpecification\",\"valueRequired\":true,\"valueName\":\"search_term_string\"}}],\"inLanguage\":\"en-GB\"},{\"@type\":\"Organization\",\"@id\":\"https:\\\/\\\/www.nicolaughiphoto.it\\\/#organization\",\"name\":\"Nicola Ughi Fotografo\",\"url\":\"https:\\\/\\\/www.nicolaughiphoto.it\\\/\",\"logo\":{\"@type\":\"ImageObject\",\"inLanguage\":\"en-GB\",\"@id\":\"https:\\\/\\\/www.nicolaughiphoto.it\\\/#\\\/schema\\\/logo\\\/image\\\/\",\"url\":\"https:\\\/\\\/www.nicolaughiphoto.it\\\/wp-content\\\/uploads\\\/2021\\\/01\\\/Logo-Nicola.png\",\"contentUrl\":\"https:\\\/\\\/www.nicolaughiphoto.it\\\/wp-content\\\/uploads\\\/2021\\\/01\\\/Logo-Nicola.png\",\"width\":1000,\"height\":1000,\"caption\":\"Nicola Ughi Fotografo\"},\"image\":{\"@id\":\"https:\\\/\\\/www.nicolaughiphoto.it\\\/#\\\/schema\\\/logo\\\/image\\\/\"},\"sameAs\":[\"https:\\\/\\\/www.facebook.com\\\/nicola.ughi.fotografo\",\"https:\\\/\\\/www.instagram.com\\\/nicola_ughi_ph\\\/\",\"https:\\\/\\\/www.linkedin.com\\\/in\\\/nicolaughi\\\/\"]}]}<\/script>\n<!-- \/ Yoast SEO Premium plugin. -->","yoast_head_json":{"title":"Personal projects - Nicola Ughi Fotografo","description":"Scopri i progetti personali di Nicola Ughi, tra fotografia e narrazione. Visita La Sedia Rossa e La Linea del Mare per approfondire.","robots":{"index":"index","follow":"follow","max-snippet":"max-snippet:-1","max-image-preview":"max-image-preview:large","max-video-preview":"max-video-preview:-1"},"canonical":"https:\/\/www.nicolaughiphoto.it\/en\/personal-projects\/","og_locale":"en_GB","og_type":"article","og_title":"Progetti Personali di Nicola Ughi - Fotografia","og_description":"Scopri la visione autoriale di Nicola Ughi. Visita ora!","og_url":"https:\/\/www.nicolaughiphoto.it\/en\/personal-projects\/","og_site_name":"Nicola Ughi Fotografo","article_publisher":"https:\/\/www.facebook.com\/nicola.ughi.fotografo","article_modified_time":"2025-05-18T16:14:42+00:00","twitter_card":"summary_large_image","twitter_title":"Progetti Personali di Nicola Ughi - Fotografia","twitter_description":"Scopri la visione autoriale di Nicola Ughi. Visita ora!","twitter_misc":{"Estimated reading time":"1 minute"},"schema":{"@context":"https:\/\/schema.org","@graph":[{"@type":"WebPage","@id":"https:\/\/www.nicolaughiphoto.it\/personal-projects\/","url":"https:\/\/www.nicolaughiphoto.it\/personal-projects\/","name":"Personal projects - Nicola Ughi Fotografo","isPartOf":{"@id":"https:\/\/www.nicolaughiphoto.it\/#website"},"datePublished":"2021-02-17T16:45:37+00:00","dateModified":"2025-05-18T16:14:42+00:00","description":"Scopri i progetti personali di Nicola Ughi, tra fotografia e narrazione. Visita La Sedia Rossa e La Linea del Mare per approfondire.","breadcrumb":{"@id":"https:\/\/www.nicolaughiphoto.it\/personal-projects\/#breadcrumb"},"inLanguage":"en-GB","potentialAction":[{"@type":"ReadAction","target":["https:\/\/www.nicolaughiphoto.it\/personal-projects\/"]}]},{"@type":"BreadcrumbList","@id":"https:\/\/www.nicolaughiphoto.it\/personal-projects\/#breadcrumb","itemListElement":[{"@type":"ListItem","position":1,"name":"Home","item":"https:\/\/www.nicolaughiphoto.it\/"},{"@type":"ListItem","position":2,"name":"Personal projects"}]},{"@type":"WebSite","@id":"https:\/\/www.nicolaughiphoto.it\/#website","url":"https:\/\/www.nicolaughiphoto.it\/","name":"Nicola Ughi Fotografo","description":"","publisher":{"@id":"https:\/\/www.nicolaughiphoto.it\/#organization"},"potentialAction":[{"@type":"SearchAction","target":{"@type":"EntryPoint","urlTemplate":"https:\/\/www.nicolaughiphoto.it\/?s={search_term_string}"},"query-input":{"@type":"PropertyValueSpecification","valueRequired":true,"valueName":"search_term_string"}}],"inLanguage":"en-GB"},{"@type":"Organization","@id":"https:\/\/www.nicolaughiphoto.it\/#organization","name":"Nicola Ughi Fotografo","url":"https:\/\/www.nicolaughiphoto.it\/","logo":{"@type":"ImageObject","inLanguage":"en-GB","@id":"https:\/\/www.nicolaughiphoto.it\/#\/schema\/logo\/image\/","url":"https:\/\/www.nicolaughiphoto.it\/wp-content\/uploads\/2021\/01\/Logo-Nicola.png","contentUrl":"https:\/\/www.nicolaughiphoto.it\/wp-content\/uploads\/2021\/01\/Logo-Nicola.png","width":1000,"height":1000,"caption":"Nicola Ughi Fotografo"},"image":{"@id":"https:\/\/www.nicolaughiphoto.it\/#\/schema\/logo\/image\/"},"sameAs":["https:\/\/www.facebook.com\/nicola.ughi.fotografo","https:\/\/www.instagram.com\/nicola_ughi_ph\/","https:\/\/www.linkedin.com\/in\/nicolaughi\/"]}]}},"_links":{"self":[{"href":"https:\/\/www.nicolaughiphoto.it\/en\/wp-json\/wp\/v2\/pages\/1095","targetHints":{"allow":["GET"]}}],"collection":[{"href":"https:\/\/www.nicolaughiphoto.it\/en\/wp-json\/wp\/v2\/pages"}],"about":[{"href":"https:\/\/www.nicolaughiphoto.it\/en\/wp-json\/wp\/v2\/types\/page"}],"author":[{"embeddable":true,"href":"https:\/\/www.nicolaughiphoto.it\/en\/wp-json\/wp\/v2\/users\/1"}],"replies":[{"embeddable":true,"href":"https:\/\/www.nicolaughiphoto.it\/en\/wp-json\/wp\/v2\/comments?post=1095"}],"version-history":[{"count":91,"href":"https:\/\/www.nicolaughiphoto.it\/en\/wp-json\/wp\/v2\/pages\/1095\/revisions"}],"predecessor-version":[{"id":5567,"href":"https:\/\/www.nicolaughiphoto.it\/en\/wp-json\/wp\/v2\/pages\/1095\/revisions\/5567"}],"wp:attachment":[{"href":"https:\/\/www.nicolaughiphoto.it\/en\/wp-json\/wp\/v2\/media?parent=1095"}],"curies":[{"name":"wp","href":"https:\/\/api.w.org\/{rel}","templated":true}]}}