{"id":260,"date":"2021-01-13T17:33:26","date_gmt":"2021-01-13T16:33:26","guid":{"rendered":"http:\/\/nicola.giotto.srl\/?page_id=260"},"modified":"2022-05-03T22:06:38","modified_gmt":"2022-05-03T20:06:38","slug":"beatrice-venezi","status":"publish","type":"page","link":"https:\/\/www.nicolaughiphoto.it\/en\/beatrice-venezi\/","title":{"rendered":"Beatrice Venezi"},"content":{"rendered":"<div data-elementor-type=\"wp-page\" data-elementor-id=\"260\" class=\"elementor elementor-260\" data-elementor-post-type=\"page\">\n\t\t\t\t\t\t<section class=\"elementor-section elementor-top-section elementor-element elementor-element-13c8402d elementor-hidden-tablet elementor-hidden-phone elementor-section-boxed elementor-section-height-default elementor-section-height-default\" data-id=\"13c8402d\" data-element_type=\"section\" data-e-type=\"section\">\n\t\t\t\t\t\t<div class=\"elementor-container elementor-column-gap-default\">\n\t\t\t\t\t<div class=\"elementor-column elementor-col-100 elementor-top-column elementor-element elementor-element-7b5cd9ac\" data-id=\"7b5cd9ac\" data-element_type=\"column\" data-e-type=\"column\">\n\t\t\t<div class=\"elementor-widget-wrap elementor-element-populated\">\n\t\t\t\t\t\t<div class=\"elementor-element elementor-element-1bdcc46 elementor-widget elementor-widget-image\" data-id=\"1bdcc46\" data-element_type=\"widget\" data-e-type=\"widget\" data-widget_type=\"image.default\">\n\t\t\t\t<div class=\"elementor-widget-container\">\n\t\t\t\t\t\t\t\t\t\t\t\t\t\t\t<img fetchpriority=\"high\" decoding=\"async\" width=\"1000\" height=\"667\" src=\"https:\/\/www.nicolaughiphoto.it\/wp-content\/uploads\/2021\/04\/542832.xx_large.jpg\" class=\"attachment-full size-full wp-image-2519\" alt=\"Ritratto di Beatrice Venezi fotografata da Nicola Ughi attraverso una finestra\" srcset=\"https:\/\/www.nicolaughiphoto.it\/wp-content\/uploads\/2021\/04\/542832.xx_large.jpg 1000w, https:\/\/www.nicolaughiphoto.it\/wp-content\/uploads\/2021\/04\/542832.xx_large-300x200.jpg 300w, https:\/\/www.nicolaughiphoto.it\/wp-content\/uploads\/2021\/04\/542832.xx_large-768x512.jpg 768w\" sizes=\"(max-width: 1000px) 100vw, 1000px\" \/>\t\t\t\t\t\t\t\t\t\t\t\t\t\t\t<\/div>\n\t\t\t\t<\/div>\n\t\t\t\t\t<\/div>\n\t\t<\/div>\n\t\t\t\t\t<\/div>\n\t\t<\/section>\n\t\t\t\t<section class=\"elementor-section elementor-top-section elementor-element elementor-element-5f8b21d7 elementor-hidden-tablet elementor-hidden-phone elementor-section-boxed elementor-section-height-default elementor-section-height-default\" data-id=\"5f8b21d7\" data-element_type=\"section\" data-e-type=\"section\">\n\t\t\t\t\t\t<div class=\"elementor-container elementor-column-gap-default\">\n\t\t\t\t\t<div class=\"elementor-column elementor-col-100 elementor-top-column elementor-element elementor-element-214119d1\" data-id=\"214119d1\" data-element_type=\"column\" data-e-type=\"column\">\n\t\t\t<div class=\"elementor-widget-wrap elementor-element-populated\">\n\t\t\t\t\t\t<div class=\"elementor-element elementor-element-4d604c7 elementor-widget elementor-widget-text-editor\" data-id=\"4d604c7\" data-element_type=\"widget\" data-e-type=\"widget\" data-widget_type=\"text-editor.default\">\n\t\t\t\t<div class=\"elementor-widget-container\">\n\t\t\t\t\t\t\t\t\t<p><strong>Beatrice<\/strong> <strong>Venezi<\/strong>, direttore d&#8217;orchestra. 31 anni, Lucchese di nascita, diplomata al conservatorio Boccherini di Lucca; \u00e8 stata eletta da Forbes come uno degli under 30 pi\u00f9 influenti del 2018. Bellissima ragazza, solare e intelligente, \u00e8 qui da me <strong>fotografata per Mondadori Portfolio<\/strong>.<\/p><p>&#8212;-<\/p><p><strong>Le immagini di Beatrice Venezi sono di propriet\u00e0 di\u00a0<\/strong><a href=\"https:\/\/www.nicolaughiphoto.it\/en\/\"><strong>Nicola Ughi<\/strong><\/a><strong>\u00a0e distribuite tramite Mondadori Portfolio. L&#8217;utilizzo senza autorizzazione non \u00e8 consentito. Ogni utilizzo non rispettoso e lesivo del copyright sar\u00e0 perseguito.<\/strong><\/p>\t\t\t\t\t\t\t\t<\/div>\n\t\t\t\t<\/div>\n\t\t\t\t\t<\/div>\n\t\t<\/div>\n\t\t\t\t\t<\/div>\n\t\t<\/section>\n\t\t\t\t<section class=\"elementor-section elementor-top-section elementor-element elementor-element-9cdf985 elementor-section-boxed elementor-section-height-default elementor-section-height-default\" data-id=\"9cdf985\" data-element_type=\"section\" data-e-type=\"section\">\n\t\t\t\t\t\t<div class=\"elementor-container elementor-column-gap-default\">\n\t\t\t\t\t<div class=\"elementor-column elementor-col-100 elementor-top-column elementor-element elementor-element-dd46c35\" data-id=\"dd46c35\" data-element_type=\"column\" data-e-type=\"column\">\n\t\t\t<div class=\"elementor-widget-wrap elementor-element-populated\">\n\t\t\t\t\t\t<div class=\"elementor-element elementor-element-f264833 elementor-widget elementor-widget-gallery\" data-id=\"f264833\" data-element_type=\"widget\" data-e-type=\"widget\" data-settings=\"{&quot;columns&quot;:3,&quot;aspect_ratio&quot;:&quot;1:1&quot;,&quot;gallery_layout&quot;:&quot;grid&quot;,&quot;columns_tablet&quot;:2,&quot;columns_mobile&quot;:1,&quot;gap&quot;:{&quot;unit&quot;:&quot;px&quot;,&quot;size&quot;:10,&quot;sizes&quot;:[]},&quot;gap_tablet&quot;:{&quot;unit&quot;:&quot;px&quot;,&quot;size&quot;:10,&quot;sizes&quot;:[]},&quot;gap_mobile&quot;:{&quot;unit&quot;:&quot;px&quot;,&quot;size&quot;:10,&quot;sizes&quot;:[]},&quot;link_to&quot;:&quot;file&quot;,&quot;overlay_background&quot;:&quot;yes&quot;,&quot;content_hover_animation&quot;:&quot;fade-in&quot;}\" data-widget_type=\"gallery.default\">\n\t\t\t\t<div class=\"elementor-widget-container\">\n\t\t\t\t\t\t\t<div class=\"elementor-gallery__container\">\n\t\t\t\t\t\t\t<a class=\"e-gallery-item elementor-gallery-item elementor-animated-content\" href=\"https:\/\/www.nicolaughiphoto.it\/wp-content\/uploads\/2021\/04\/542836.xx_large-1.jpg\" data-elementor-open-lightbox=\"yes\" data-elementor-lightbox-slideshow=\"f264833\" data-elementor-lightbox-title=\"542836.xx_large\" data-e-action-hash=\"#elementor-action%3Aaction%3Dlightbox%26settings%3DeyJpZCI6MjUyMywidXJsIjoiaHR0cHM6XC9cL3d3dy5uaWNvbGF1Z2hpcGhvdG8uaXRcL3dwLWNvbnRlbnRcL3VwbG9hZHNcLzIwMjFcLzA0XC81NDI4MzYueHhfbGFyZ2UtMS5qcGciLCJzbGlkZXNob3ciOiJmMjY0ODMzIn0%3D\">\n\t\t\t\t\t<div class=\"e-gallery-image elementor-gallery-item__image\" data-thumbnail=\"https:\/\/www.nicolaughiphoto.it\/wp-content\/uploads\/2021\/04\/542836.xx_large-1-768x512.jpg\" data-width=\"640\" data-height=\"427\" aria-label=\"\" role=\"img\" ><\/div>\n\t\t\t\t\t\t\t\t\t\t\t<div class=\"elementor-gallery-item__overlay\"><\/div>\n\t\t\t\t\t\t\t\t\t\t\t\t\t\t<\/a>\n\t\t\t\t\t\t\t<a class=\"e-gallery-item elementor-gallery-item elementor-animated-content\" href=\"https:\/\/www.nicolaughiphoto.it\/wp-content\/uploads\/2021\/04\/542835.xx_large.jpg\" data-elementor-open-lightbox=\"yes\" data-elementor-lightbox-slideshow=\"f264833\" data-elementor-lightbox-title=\"542835.xx_large\" data-e-action-hash=\"#elementor-action%3Aaction%3Dlightbox%26settings%3DeyJpZCI6MjUyMiwidXJsIjoiaHR0cHM6XC9cL3d3dy5uaWNvbGF1Z2hpcGhvdG8uaXRcL3dwLWNvbnRlbnRcL3VwbG9hZHNcLzIwMjFcLzA0XC81NDI4MzUueHhfbGFyZ2UuanBnIiwic2xpZGVzaG93IjoiZjI2NDgzMyJ9\">\n\t\t\t\t\t<div class=\"e-gallery-image elementor-gallery-item__image\" data-thumbnail=\"https:\/\/www.nicolaughiphoto.it\/wp-content\/uploads\/2021\/04\/542835.xx_large.jpg\" data-width=\"640\" data-height=\"960\" aria-label=\"\" role=\"img\" ><\/div>\n\t\t\t\t\t\t\t\t\t\t\t<div class=\"elementor-gallery-item__overlay\"><\/div>\n\t\t\t\t\t\t\t\t\t\t\t\t\t\t<\/a>\n\t\t\t\t\t\t\t<a class=\"e-gallery-item elementor-gallery-item elementor-animated-content\" href=\"https:\/\/www.nicolaughiphoto.it\/wp-content\/uploads\/2021\/04\/542834.xx_large.jpg\" data-elementor-open-lightbox=\"yes\" data-elementor-lightbox-slideshow=\"f264833\" data-elementor-lightbox-title=\"542834.xx_large\" data-e-action-hash=\"#elementor-action%3Aaction%3Dlightbox%26settings%3DeyJpZCI6MjUyMSwidXJsIjoiaHR0cHM6XC9cL3d3dy5uaWNvbGF1Z2hpcGhvdG8uaXRcL3dwLWNvbnRlbnRcL3VwbG9hZHNcLzIwMjFcLzA0XC81NDI4MzQueHhfbGFyZ2UuanBnIiwic2xpZGVzaG93IjoiZjI2NDgzMyJ9\">\n\t\t\t\t\t<div class=\"e-gallery-image elementor-gallery-item__image\" data-thumbnail=\"https:\/\/www.nicolaughiphoto.it\/wp-content\/uploads\/2021\/04\/542834.xx_large.jpg\" data-width=\"640\" data-height=\"960\" aria-label=\"\" role=\"img\" ><\/div>\n\t\t\t\t\t\t\t\t\t\t\t<div class=\"elementor-gallery-item__overlay\"><\/div>\n\t\t\t\t\t\t\t\t\t\t\t\t\t\t<\/a>\n\t\t\t\t\t\t\t<a class=\"e-gallery-item elementor-gallery-item elementor-animated-content\" href=\"https:\/\/www.nicolaughiphoto.it\/wp-content\/uploads\/2021\/04\/542833.xx_large.jpg\" data-elementor-open-lightbox=\"yes\" data-elementor-lightbox-slideshow=\"f264833\" data-elementor-lightbox-title=\"542833.xx_large\" data-e-action-hash=\"#elementor-action%3Aaction%3Dlightbox%26settings%3DeyJpZCI6MjUyMCwidXJsIjoiaHR0cHM6XC9cL3d3dy5uaWNvbGF1Z2hpcGhvdG8uaXRcL3dwLWNvbnRlbnRcL3VwbG9hZHNcLzIwMjFcLzA0XC81NDI4MzMueHhfbGFyZ2UuanBnIiwic2xpZGVzaG93IjoiZjI2NDgzMyJ9\">\n\t\t\t\t\t<div class=\"e-gallery-image elementor-gallery-item__image\" data-thumbnail=\"https:\/\/www.nicolaughiphoto.it\/wp-content\/uploads\/2021\/04\/542833.xx_large.jpg\" data-width=\"640\" data-height=\"960\" aria-label=\"\" role=\"img\" ><\/div>\n\t\t\t\t\t\t\t\t\t\t\t<div class=\"elementor-gallery-item__overlay\"><\/div>\n\t\t\t\t\t\t\t\t\t\t\t\t\t\t<\/a>\n\t\t\t\t\t\t\t<a class=\"e-gallery-item elementor-gallery-item elementor-animated-content\" href=\"https:\/\/www.nicolaughiphoto.it\/wp-content\/uploads\/2021\/04\/542831.xx_large.jpg\" data-elementor-open-lightbox=\"yes\" data-elementor-lightbox-slideshow=\"f264833\" data-elementor-lightbox-title=\"542831.xx_large\" data-e-action-hash=\"#elementor-action%3Aaction%3Dlightbox%26settings%3DeyJpZCI6MjUxOCwidXJsIjoiaHR0cHM6XC9cL3d3dy5uaWNvbGF1Z2hpcGhvdG8uaXRcL3dwLWNvbnRlbnRcL3VwbG9hZHNcLzIwMjFcLzA0XC81NDI4MzEueHhfbGFyZ2UuanBnIiwic2xpZGVzaG93IjoiZjI2NDgzMyJ9\">\n\t\t\t\t\t<div class=\"e-gallery-image elementor-gallery-item__image\" data-thumbnail=\"https:\/\/www.nicolaughiphoto.it\/wp-content\/uploads\/2021\/04\/542831.xx_large-768x512.jpg\" data-width=\"640\" data-height=\"427\" aria-label=\"\" role=\"img\" ><\/div>\n\t\t\t\t\t\t\t\t\t\t\t<div class=\"elementor-gallery-item__overlay\"><\/div>\n\t\t\t\t\t\t\t\t\t\t\t\t\t\t<\/a>\n\t\t\t\t\t\t\t<a class=\"e-gallery-item elementor-gallery-item elementor-animated-content\" href=\"https:\/\/www.nicolaughiphoto.it\/wp-content\/uploads\/2021\/04\/542830.xx_large.jpg\" data-elementor-open-lightbox=\"yes\" data-elementor-lightbox-slideshow=\"f264833\" data-elementor-lightbox-title=\"542830.xx_large\" data-e-action-hash=\"#elementor-action%3Aaction%3Dlightbox%26settings%3DeyJpZCI6MjUxNywidXJsIjoiaHR0cHM6XC9cL3d3dy5uaWNvbGF1Z2hpcGhvdG8uaXRcL3dwLWNvbnRlbnRcL3VwbG9hZHNcLzIwMjFcLzA0XC81NDI4MzAueHhfbGFyZ2UuanBnIiwic2xpZGVzaG93IjoiZjI2NDgzMyJ9\">\n\t\t\t\t\t<div class=\"e-gallery-image elementor-gallery-item__image\" data-thumbnail=\"https:\/\/www.nicolaughiphoto.it\/wp-content\/uploads\/2021\/04\/542830.xx_large-768x512.jpg\" data-width=\"640\" data-height=\"427\" aria-label=\"\" role=\"img\" ><\/div>\n\t\t\t\t\t\t\t\t\t\t\t<div class=\"elementor-gallery-item__overlay\"><\/div>\n\t\t\t\t\t\t\t\t\t\t\t\t\t\t<\/a>\n\t\t\t\t\t\t\t<a class=\"e-gallery-item elementor-gallery-item elementor-animated-content\" href=\"https:\/\/www.nicolaughiphoto.it\/wp-content\/uploads\/2021\/04\/542829.xx_large.jpg\" data-elementor-open-lightbox=\"yes\" data-elementor-lightbox-slideshow=\"f264833\" data-elementor-lightbox-title=\"542829.xx_large\" data-e-action-hash=\"#elementor-action%3Aaction%3Dlightbox%26settings%3DeyJpZCI6MjUxNiwidXJsIjoiaHR0cHM6XC9cL3d3dy5uaWNvbGF1Z2hpcGhvdG8uaXRcL3dwLWNvbnRlbnRcL3VwbG9hZHNcLzIwMjFcLzA0XC81NDI4MjkueHhfbGFyZ2UuanBnIiwic2xpZGVzaG93IjoiZjI2NDgzMyJ9\">\n\t\t\t\t\t<div class=\"e-gallery-image elementor-gallery-item__image\" data-thumbnail=\"https:\/\/www.nicolaughiphoto.it\/wp-content\/uploads\/2021\/04\/542829.xx_large.jpg\" data-width=\"640\" data-height=\"960\" aria-label=\"\" role=\"img\" ><\/div>\n\t\t\t\t\t\t\t\t\t\t\t<div class=\"elementor-gallery-item__overlay\"><\/div>\n\t\t\t\t\t\t\t\t\t\t\t\t\t\t<\/a>\n\t\t\t\t\t\t\t<a class=\"e-gallery-item elementor-gallery-item elementor-animated-content\" href=\"https:\/\/www.nicolaughiphoto.it\/wp-content\/uploads\/2021\/04\/542828.xx_large.jpg\" data-elementor-open-lightbox=\"yes\" data-elementor-lightbox-slideshow=\"f264833\" data-elementor-lightbox-title=\"542828.xx_large\" data-e-action-hash=\"#elementor-action%3Aaction%3Dlightbox%26settings%3DeyJpZCI6MjUxNSwidXJsIjoiaHR0cHM6XC9cL3d3dy5uaWNvbGF1Z2hpcGhvdG8uaXRcL3dwLWNvbnRlbnRcL3VwbG9hZHNcLzIwMjFcLzA0XC81NDI4MjgueHhfbGFyZ2UuanBnIiwic2xpZGVzaG93IjoiZjI2NDgzMyJ9\">\n\t\t\t\t\t<div class=\"e-gallery-image elementor-gallery-item__image\" data-thumbnail=\"https:\/\/www.nicolaughiphoto.it\/wp-content\/uploads\/2021\/04\/542828.xx_large.jpg\" data-width=\"640\" data-height=\"960\" aria-label=\"\" role=\"img\" ><\/div>\n\t\t\t\t\t\t\t\t\t\t\t<div class=\"elementor-gallery-item__overlay\"><\/div>\n\t\t\t\t\t\t\t\t\t\t\t\t\t\t<\/a>\n\t\t\t\t\t\t\t<a class=\"e-gallery-item elementor-gallery-item elementor-animated-content\" href=\"https:\/\/www.nicolaughiphoto.it\/wp-content\/uploads\/2021\/04\/542827.xx_large.jpg\" data-elementor-open-lightbox=\"yes\" data-elementor-lightbox-slideshow=\"f264833\" data-elementor-lightbox-title=\"542827.xx_large\" data-e-action-hash=\"#elementor-action%3Aaction%3Dlightbox%26settings%3DeyJpZCI6MjUxNCwidXJsIjoiaHR0cHM6XC9cL3d3dy5uaWNvbGF1Z2hpcGhvdG8uaXRcL3dwLWNvbnRlbnRcL3VwbG9hZHNcLzIwMjFcLzA0XC81NDI4MjcueHhfbGFyZ2UuanBnIiwic2xpZGVzaG93IjoiZjI2NDgzMyJ9\">\n\t\t\t\t\t<div class=\"e-gallery-image elementor-gallery-item__image\" data-thumbnail=\"https:\/\/www.nicolaughiphoto.it\/wp-content\/uploads\/2021\/04\/542827.xx_large.jpg\" data-width=\"640\" data-height=\"960\" aria-label=\"\" role=\"img\" ><\/div>\n\t\t\t\t\t\t\t\t\t\t\t<div class=\"elementor-gallery-item__overlay\"><\/div>\n\t\t\t\t\t\t\t\t\t\t\t\t\t\t<\/a>\n\t\t\t\t\t<\/div>\n\t\t\t\t\t<\/div>\n\t\t\t\t<\/div>\n\t\t\t\t\t<\/div>\n\t\t<\/div>\n\t\t\t\t\t<\/div>\n\t\t<\/section>\n\t\t\t\t<\/div>","protected":false},"excerpt":{"rendered":"<p>Beatrice Venezi, direttore d&#8217;orchestra. 31 anni, Lucchese di nascita, diplomata al conservatorio Boccherini di Lucca; \u00e8 stata eletta da Forbes come uno degli under 30 pi\u00f9 influenti del 2018. Bellissima ragazza, solare e intelligente, \u00e8 qui da me fotografata per Mondadori Portfolio. &#8212;- Le immagini di Beatrice Venezi sono di propriet\u00e0 di\u00a0Nicola Ughi\u00a0e distribuite tramite [&hellip;]<\/p>","protected":false},"author":1,"featured_media":0,"parent":0,"menu_order":0,"comment_status":"closed","ping_status":"closed","template":"","meta":{"footnotes":""},"class_list":["post-260","page","type-page","status-publish","hentry"],"yoast_head":"<!-- This site is optimized with the Yoast SEO Premium plugin v26.2 (Yoast SEO v27.4) - https:\/\/yoast.com\/product\/yoast-seo-premium-wordpress\/ -->\n<title>Beatrice Venezi: Direttrice d&#039;Orchestra Lucchese - Foto | Nicola Ughi Photo<\/title>\n<meta name=\"description\" content=\"Nicola Ughi fotografa Beatrice Venezi, giovane direttrice d&#039;orchestra lucchese, per Mondadori Portfolio. Vedi le foto di Beatrice Venezi.\" \/>\n<meta name=\"robots\" content=\"index, follow, max-snippet:-1, max-image-preview:large, max-video-preview:-1\" \/>\n<link rel=\"canonical\" href=\"https:\/\/www.nicolaughiphoto.it\/en\/beatrice-venezi\/\" \/>\n<meta property=\"og:locale\" content=\"en_GB\" \/>\n<meta property=\"og:type\" content=\"article\" \/>\n<meta property=\"og:title\" content=\"Beatrice Venezi: Talento Musicale da Scoprire\" \/>\n<meta property=\"og:description\" content=\"Leggi la storia di Beatrice Venezi e ammira le sue foto. Non perdere l&#039;occasione!\" \/>\n<meta property=\"og:url\" content=\"https:\/\/www.nicolaughiphoto.it\/en\/beatrice-venezi\/\" \/>\n<meta property=\"og:site_name\" content=\"Nicola Ughi Fotografo\" \/>\n<meta property=\"article:publisher\" content=\"https:\/\/www.facebook.com\/nicola.ughi.fotografo\" \/>\n<meta property=\"article:modified_time\" content=\"2022-05-03T20:06:38+00:00\" \/>\n<meta property=\"og:image\" content=\"https:\/\/www.nicolaughiphoto.it\/wp-content\/uploads\/2021\/04\/542832.xx_large.jpg\" \/>\n\t<meta property=\"og:image:width\" content=\"1000\" \/>\n\t<meta property=\"og:image:height\" content=\"667\" \/>\n\t<meta property=\"og:image:type\" content=\"image\/jpeg\" \/>\n<meta name=\"twitter:card\" content=\"summary_large_image\" \/>\n<meta name=\"twitter:title\" content=\"Beatrice Venezi: Talento Musicale da Scoprire\" \/>\n<meta name=\"twitter:description\" content=\"Leggi la storia di Beatrice Venezi e ammira le sue foto. Non perdere l&#039;occasione!\" \/>\n<meta name=\"twitter:label1\" content=\"Estimated reading time\" \/>\n\t<meta name=\"twitter:data1\" content=\"1 minute\" \/>\n<script type=\"application\/ld+json\" class=\"yoast-schema-graph\">{\"@context\":\"https:\\\/\\\/schema.org\",\"@graph\":[{\"@type\":\"WebPage\",\"@id\":\"https:\\\/\\\/www.nicolaughiphoto.it\\\/beatrice-venezi\\\/\",\"url\":\"https:\\\/\\\/www.nicolaughiphoto.it\\\/beatrice-venezi\\\/\",\"name\":\"Beatrice Venezi: Direttrice d'Orchestra Lucchese - Foto | Nicola Ughi Photo\",\"isPartOf\":{\"@id\":\"https:\\\/\\\/www.nicolaughiphoto.it\\\/#website\"},\"primaryImageOfPage\":{\"@id\":\"https:\\\/\\\/www.nicolaughiphoto.it\\\/beatrice-venezi\\\/#primaryimage\"},\"image\":{\"@id\":\"https:\\\/\\\/www.nicolaughiphoto.it\\\/beatrice-venezi\\\/#primaryimage\"},\"thumbnailUrl\":\"https:\\\/\\\/www.nicolaughiphoto.it\\\/wp-content\\\/uploads\\\/2021\\\/04\\\/542832.xx_large.jpg\",\"datePublished\":\"2021-01-13T16:33:26+00:00\",\"dateModified\":\"2022-05-03T20:06:38+00:00\",\"description\":\"Nicola Ughi fotografa Beatrice Venezi, giovane direttrice d'orchestra lucchese, per Mondadori Portfolio. Vedi le foto di Beatrice Venezi.\",\"breadcrumb\":{\"@id\":\"https:\\\/\\\/www.nicolaughiphoto.it\\\/beatrice-venezi\\\/#breadcrumb\"},\"inLanguage\":\"en-GB\",\"potentialAction\":[{\"@type\":\"ReadAction\",\"target\":[\"https:\\\/\\\/www.nicolaughiphoto.it\\\/beatrice-venezi\\\/\"]}]},{\"@type\":\"ImageObject\",\"inLanguage\":\"en-GB\",\"@id\":\"https:\\\/\\\/www.nicolaughiphoto.it\\\/beatrice-venezi\\\/#primaryimage\",\"url\":\"https:\\\/\\\/www.nicolaughiphoto.it\\\/wp-content\\\/uploads\\\/2021\\\/04\\\/542832.xx_large.jpg\",\"contentUrl\":\"https:\\\/\\\/www.nicolaughiphoto.it\\\/wp-content\\\/uploads\\\/2021\\\/04\\\/542832.xx_large.jpg\"},{\"@type\":\"BreadcrumbList\",\"@id\":\"https:\\\/\\\/www.nicolaughiphoto.it\\\/beatrice-venezi\\\/#breadcrumb\",\"itemListElement\":[{\"@type\":\"ListItem\",\"position\":1,\"name\":\"Home\",\"item\":\"https:\\\/\\\/www.nicolaughiphoto.it\\\/\"},{\"@type\":\"ListItem\",\"position\":2,\"name\":\"Beatrice Venezi\"}]},{\"@type\":\"WebSite\",\"@id\":\"https:\\\/\\\/www.nicolaughiphoto.it\\\/#website\",\"url\":\"https:\\\/\\\/www.nicolaughiphoto.it\\\/\",\"name\":\"Nicola Ughi Fotografo\",\"description\":\"\",\"publisher\":{\"@id\":\"https:\\\/\\\/www.nicolaughiphoto.it\\\/#organization\"},\"potentialAction\":[{\"@type\":\"SearchAction\",\"target\":{\"@type\":\"EntryPoint\",\"urlTemplate\":\"https:\\\/\\\/www.nicolaughiphoto.it\\\/?s={search_term_string}\"},\"query-input\":{\"@type\":\"PropertyValueSpecification\",\"valueRequired\":true,\"valueName\":\"search_term_string\"}}],\"inLanguage\":\"en-GB\"},{\"@type\":\"Organization\",\"@id\":\"https:\\\/\\\/www.nicolaughiphoto.it\\\/#organization\",\"name\":\"Nicola Ughi Fotografo\",\"url\":\"https:\\\/\\\/www.nicolaughiphoto.it\\\/\",\"logo\":{\"@type\":\"ImageObject\",\"inLanguage\":\"en-GB\",\"@id\":\"https:\\\/\\\/www.nicolaughiphoto.it\\\/#\\\/schema\\\/logo\\\/image\\\/\",\"url\":\"https:\\\/\\\/www.nicolaughiphoto.it\\\/wp-content\\\/uploads\\\/2021\\\/01\\\/Logo-Nicola.png\",\"contentUrl\":\"https:\\\/\\\/www.nicolaughiphoto.it\\\/wp-content\\\/uploads\\\/2021\\\/01\\\/Logo-Nicola.png\",\"width\":1000,\"height\":1000,\"caption\":\"Nicola Ughi Fotografo\"},\"image\":{\"@id\":\"https:\\\/\\\/www.nicolaughiphoto.it\\\/#\\\/schema\\\/logo\\\/image\\\/\"},\"sameAs\":[\"https:\\\/\\\/www.facebook.com\\\/nicola.ughi.fotografo\",\"https:\\\/\\\/www.instagram.com\\\/nicola_ughi_ph\\\/\",\"https:\\\/\\\/www.linkedin.com\\\/in\\\/nicolaughi\\\/\"]}]}<\/script>\n<!-- \/ Yoast SEO Premium plugin. -->","yoast_head_json":{"title":"Beatrice Venezi: Direttrice d'Orchestra Lucchese - Foto | Nicola Ughi Photo","description":"Nicola Ughi fotografa Beatrice Venezi, giovane direttrice d'orchestra lucchese, per Mondadori Portfolio. Vedi le foto di Beatrice Venezi.","robots":{"index":"index","follow":"follow","max-snippet":"max-snippet:-1","max-image-preview":"max-image-preview:large","max-video-preview":"max-video-preview:-1"},"canonical":"https:\/\/www.nicolaughiphoto.it\/en\/beatrice-venezi\/","og_locale":"en_GB","og_type":"article","og_title":"Beatrice Venezi: Talento Musicale da Scoprire","og_description":"Leggi la storia di Beatrice Venezi e ammira le sue foto. Non perdere l'occasione!","og_url":"https:\/\/www.nicolaughiphoto.it\/en\/beatrice-venezi\/","og_site_name":"Nicola Ughi Fotografo","article_publisher":"https:\/\/www.facebook.com\/nicola.ughi.fotografo","article_modified_time":"2022-05-03T20:06:38+00:00","og_image":[{"width":1000,"height":667,"url":"https:\/\/www.nicolaughiphoto.it\/wp-content\/uploads\/2021\/04\/542832.xx_large.jpg","type":"image\/jpeg"}],"twitter_card":"summary_large_image","twitter_title":"Beatrice Venezi: Talento Musicale da Scoprire","twitter_description":"Leggi la storia di Beatrice Venezi e ammira le sue foto. Non perdere l'occasione!","twitter_misc":{"Estimated reading time":"1 minute"},"schema":{"@context":"https:\/\/schema.org","@graph":[{"@type":"WebPage","@id":"https:\/\/www.nicolaughiphoto.it\/beatrice-venezi\/","url":"https:\/\/www.nicolaughiphoto.it\/beatrice-venezi\/","name":"Beatrice Venezi: Direttrice d'Orchestra Lucchese - Foto | Nicola Ughi Photo","isPartOf":{"@id":"https:\/\/www.nicolaughiphoto.it\/#website"},"primaryImageOfPage":{"@id":"https:\/\/www.nicolaughiphoto.it\/beatrice-venezi\/#primaryimage"},"image":{"@id":"https:\/\/www.nicolaughiphoto.it\/beatrice-venezi\/#primaryimage"},"thumbnailUrl":"https:\/\/www.nicolaughiphoto.it\/wp-content\/uploads\/2021\/04\/542832.xx_large.jpg","datePublished":"2021-01-13T16:33:26+00:00","dateModified":"2022-05-03T20:06:38+00:00","description":"Nicola Ughi fotografa Beatrice Venezi, giovane direttrice d'orchestra lucchese, per Mondadori Portfolio. Vedi le foto di Beatrice Venezi.","breadcrumb":{"@id":"https:\/\/www.nicolaughiphoto.it\/beatrice-venezi\/#breadcrumb"},"inLanguage":"en-GB","potentialAction":[{"@type":"ReadAction","target":["https:\/\/www.nicolaughiphoto.it\/beatrice-venezi\/"]}]},{"@type":"ImageObject","inLanguage":"en-GB","@id":"https:\/\/www.nicolaughiphoto.it\/beatrice-venezi\/#primaryimage","url":"https:\/\/www.nicolaughiphoto.it\/wp-content\/uploads\/2021\/04\/542832.xx_large.jpg","contentUrl":"https:\/\/www.nicolaughiphoto.it\/wp-content\/uploads\/2021\/04\/542832.xx_large.jpg"},{"@type":"BreadcrumbList","@id":"https:\/\/www.nicolaughiphoto.it\/beatrice-venezi\/#breadcrumb","itemListElement":[{"@type":"ListItem","position":1,"name":"Home","item":"https:\/\/www.nicolaughiphoto.it\/"},{"@type":"ListItem","position":2,"name":"Beatrice Venezi"}]},{"@type":"WebSite","@id":"https:\/\/www.nicolaughiphoto.it\/#website","url":"https:\/\/www.nicolaughiphoto.it\/","name":"Nicola Ughi Fotografo","description":"","publisher":{"@id":"https:\/\/www.nicolaughiphoto.it\/#organization"},"potentialAction":[{"@type":"SearchAction","target":{"@type":"EntryPoint","urlTemplate":"https:\/\/www.nicolaughiphoto.it\/?s={search_term_string}"},"query-input":{"@type":"PropertyValueSpecification","valueRequired":true,"valueName":"search_term_string"}}],"inLanguage":"en-GB"},{"@type":"Organization","@id":"https:\/\/www.nicolaughiphoto.it\/#organization","name":"Nicola Ughi Fotografo","url":"https:\/\/www.nicolaughiphoto.it\/","logo":{"@type":"ImageObject","inLanguage":"en-GB","@id":"https:\/\/www.nicolaughiphoto.it\/#\/schema\/logo\/image\/","url":"https:\/\/www.nicolaughiphoto.it\/wp-content\/uploads\/2021\/01\/Logo-Nicola.png","contentUrl":"https:\/\/www.nicolaughiphoto.it\/wp-content\/uploads\/2021\/01\/Logo-Nicola.png","width":1000,"height":1000,"caption":"Nicola Ughi Fotografo"},"image":{"@id":"https:\/\/www.nicolaughiphoto.it\/#\/schema\/logo\/image\/"},"sameAs":["https:\/\/www.facebook.com\/nicola.ughi.fotografo","https:\/\/www.instagram.com\/nicola_ughi_ph\/","https:\/\/www.linkedin.com\/in\/nicolaughi\/"]}]}},"_links":{"self":[{"href":"https:\/\/www.nicolaughiphoto.it\/en\/wp-json\/wp\/v2\/pages\/260","targetHints":{"allow":["GET"]}}],"collection":[{"href":"https:\/\/www.nicolaughiphoto.it\/en\/wp-json\/wp\/v2\/pages"}],"about":[{"href":"https:\/\/www.nicolaughiphoto.it\/en\/wp-json\/wp\/v2\/types\/page"}],"author":[{"embeddable":true,"href":"https:\/\/www.nicolaughiphoto.it\/en\/wp-json\/wp\/v2\/users\/1"}],"replies":[{"embeddable":true,"href":"https:\/\/www.nicolaughiphoto.it\/en\/wp-json\/wp\/v2\/comments?post=260"}],"version-history":[{"count":33,"href":"https:\/\/www.nicolaughiphoto.it\/en\/wp-json\/wp\/v2\/pages\/260\/revisions"}],"predecessor-version":[{"id":4214,"href":"https:\/\/www.nicolaughiphoto.it\/en\/wp-json\/wp\/v2\/pages\/260\/revisions\/4214"}],"wp:attachment":[{"href":"https:\/\/www.nicolaughiphoto.it\/en\/wp-json\/wp\/v2\/media?parent=260"}],"curies":[{"name":"wp","href":"https:\/\/api.w.org\/{rel}","templated":true}]}}